{"id":38,"date":"2020-03-20T17:10:47","date_gmt":"2020-03-20T17:10:47","guid":{"rendered":"https:\/\/mooof.be\/champignon\/?page_id=38"},"modified":"2025-04-22T11:43:48","modified_gmt":"2025-04-22T11:43:48","slug":"welkom","status":"publish","type":"page","link":"https:\/\/champignonkwekerij.be\/fr\/","title":{"rendered":"Biologische paddenstoelen van eigen kweek \u2013 Recht uit Bissegem"},"content":{"rendered":"<img decoding=\"async\" data-src=\"https:\/\/champignonkwekerij.be\/wp-content\/uploads\/2020\/03\/logo_dhaene.png\" alt=\"logo_dhaene\" itemprop=\"image\" height=\"80\" width=\"460\" title=\"logo_dhaene\" onerror=\"this.style.display='none'\" src=\"data:image\/svg+xml;base64,PHN2ZyB3aWR0aD0iMSIgaGVpZ2h0PSIxIiB4bWxucz0iaHR0cDovL3d3dy53My5vcmcvMjAwMC9zdmciPjwvc3ZnPg==\" class=\"lazyload\" style=\"--smush-placeholder-width: 460px; --smush-placeholder-aspect-ratio: 460\/80;\" \/>\n\t\t\t\t<img decoding=\"async\" data-src=\"https:\/\/champignonkwekerij.be\/wp-content\/uploads\/2020\/12\/Web_DHaene-Vanlede_fr.png\" alt=\"levering_button\" itemprop=\"image\" height=\"150\" width=\"150\" title=\"levering_button\" onerror=\"this.style.display='none'\" src=\"data:image\/svg+xml;base64,PHN2ZyB3aWR0aD0iMSIgaGVpZ2h0PSIxIiB4bWxucz0iaHR0cDovL3d3dy53My5vcmcvMjAwMC9zdmciPjwvc3ZnPg==\" class=\"lazyload\" style=\"--smush-placeholder-width: 150px; --smush-placeholder-aspect-ratio: 150\/150;\" \/>\n\t\t\t\t<img decoding=\"async\" data-src=\"https:\/\/champignonkwekerij.be\/wp-content\/uploads\/2020\/04\/Web_DHaene-Vanlede.jpg\" alt=\"'Haene-Vanlede\" itemprop=\"image\" height=\"233\" width=\"300\" title=\"'Haene-Vanlede\" onerror=\"this.style.display='none'\" src=\"data:image\/svg+xml;base64,PHN2ZyB3aWR0aD0iMSIgaGVpZ2h0PSIxIiB4bWxucz0iaHR0cDovL3d3dy53My5vcmcvMjAwMC9zdmciPjwvc3ZnPg==\" class=\"lazyload\" style=\"--smush-placeholder-width: 300px; --smush-placeholder-aspect-ratio: 300\/233;\" \/>\n\t\t\t\t<img decoding=\"async\" data-src=\"https:\/\/champignonkwekerij.be\/wp-content\/uploads\/2020\/04\/Web_DHaene-Vanlede-02.jpg\" alt=\"'Haene-Vanlede-02\" itemprop=\"image\" height=\"233\" width=\"302\" title=\"'Haene-Vanlede-02\" onerror=\"this.style.display='none'\" src=\"data:image\/svg+xml;base64,PHN2ZyB3aWR0aD0iMSIgaGVpZ2h0PSIxIiB4bWxucz0iaHR0cDovL3d3dy53My5vcmcvMjAwMC9zdmciPjwvc3ZnPg==\" class=\"lazyload\" style=\"--smush-placeholder-width: 302px; --smush-placeholder-aspect-ratio: 302\/233;\" \/>\n\t\t\t\t<img decoding=\"async\" data-src=\"https:\/\/champignonkwekerij.be\/wp-content\/uploads\/2020\/04\/Web_DHaene-Vanlede_03.jpg\" alt=\"'Haene-Vanlede_03\" itemprop=\"image\" height=\"233\" width=\"302\" title=\"'Haene-Vanlede_03\" onerror=\"this.style.display='none'\" src=\"data:image\/svg+xml;base64,PHN2ZyB3aWR0aD0iMSIgaGVpZ2h0PSIxIiB4bWxucz0iaHR0cDovL3d3dy53My5vcmcvMjAwMC9zdmciPjwvc3ZnPg==\" class=\"lazyload\" style=\"--smush-placeholder-width: 302px; --smush-placeholder-aspect-ratio: 302\/233;\" \/>\n\t\t\t\t<a href=\"https:\/\/champignonkwekerij.be\/fr\/ons-bedrijf\/\"  target=\"_self\" itemprop=\"url\">\n\t\t\t\t<img decoding=\"async\" data-src=\"https:\/\/champignonkwekerij.be\/wp-content\/uploads\/2020\/10\/hand-1.png\" alt=\"hand\" itemprop=\"image\" height=\"1024\" width=\"1024\" title=\"hand\" onerror=\"this.style.display='none'\" src=\"data:image\/svg+xml;base64,PHN2ZyB3aWR0aD0iMSIgaGVpZ2h0PSIxIiB4bWxucz0iaHR0cDovL3d3dy53My5vcmcvMjAwMC9zdmciPjwvc3ZnPg==\" class=\"lazyload\" style=\"--smush-placeholder-width: 1024px; --smush-placeholder-aspect-ratio: 1024\/1024;\" \/>\n\t\t\t\t<\/a>\n\t<p>soci\u00e9t\u00e9<\/p>\n\tWij zijn gespecialiseerd in de biologische teelt van paddenstoelen. Met veel zorg en vakmanschap kweken we onder andere oesterzwammen (zowel witte als gele), shiitake en eryngii. Daarnaast hebben we een uitgebreide handelswerking, waarbij we samenwerken met lokale telers. Zo zorgen we voor een vers, duurzaam en gevarieerd aanbod.\n<p><a href=\"https:\/\/champignonkwekerij.be\/fr\/ons-bedrijf\/\"><b>en savoir plus<\/b><\/a><\/p>\n\t\t\t\t<a href=\"https:\/\/champignonkwekerij.be\/fr\/ons-aanbod\/\"  target=\"_self\" itemprop=\"url\">\n\t\t\t\t<img decoding=\"async\" data-src=\"https:\/\/champignonkwekerij.be\/wp-content\/uploads\/2020\/10\/paddestoel.png\" alt=\"paddestoel\" itemprop=\"image\" height=\"1024\" width=\"1024\" title=\"paddestoel\" onerror=\"this.style.display='none'\" src=\"data:image\/svg+xml;base64,PHN2ZyB3aWR0aD0iMSIgaGVpZ2h0PSIxIiB4bWxucz0iaHR0cDovL3d3dy53My5vcmcvMjAwMC9zdmciPjwvc3ZnPg==\" class=\"lazyload\" style=\"--smush-placeholder-width: 1024px; --smush-placeholder-aspect-ratio: 1024\/1024;\" \/>\n\t\t\t\t<\/a>\n\t<p>Produits<\/p>\n\tBij ons vind je een breed assortiment paddenstoelen: van lokaal gekweekte soorten tot wilde en exotische vari\u00ebteiten. Denk aan biologische oesterzwammen, shiitake en koningsoesterzwammen (eryngii), maar ook aan minder bekende soorten, zowel vers als gedroogd. Ideaal voor chefs, hobbykoks of fijnproevers die houden van pure smaken en kwaliteit.\n<p><a href=\"https:\/\/champignonkwekerij.be\/fr\/ons-aanbod\/\"><b>en savoir plus<\/b><\/a><\/p>\n\t\t\t\t<a href=\"https:\/\/champignonkwekerij.be\/fr\/verkooppunten\/\"  target=\"_self\" itemprop=\"url\">\n\t\t\t\t<img decoding=\"async\" data-src=\"https:\/\/champignonkwekerij.be\/wp-content\/uploads\/2020\/03\/packs.jpg\" alt=\"007-pin\" itemprop=\"image\" height=\"161\" width=\"150\" title=\"007-pin\" onerror=\"this.style.display='none'\" src=\"data:image\/svg+xml;base64,PHN2ZyB3aWR0aD0iMSIgaGVpZ2h0PSIxIiB4bWxucz0iaHR0cDovL3d3dy53My5vcmcvMjAwMC9zdmciPjwvc3ZnPg==\" class=\"lazyload\" style=\"--smush-placeholder-width: 150px; --smush-placeholder-aspect-ratio: 150\/161;\" \/>\n\t\t\t\t<\/a>\n\t<p>Points de vente<\/p>\n\tVous pouvez nous trouver sur les march\u00e9s de gros de Roulers, Heule et Gand. Nous fournissons directement \u00e0 la restauration, aux boucheries, aux supermarch\u00e9s, au commerce de d\u00e9tail et \u00e0 diverses industries alimentaires dans la r\u00e9gion de Flandre occidentale.<br \/>\nLes particuliers peuvent acheter nos champignons chez nous \u00e0 Bissegem (Bieststraat 107) ou sur diff\u00e9rents march\u00e9s local, par exemple, Heule local, le march\u00e9 fermier de Courtrai,\u2026\n<p><a href=\"https:\/\/champignonkwekerij.be\/fr\/verkooppunten\/\"><b>en savoir plus<\/b><\/a><\/p>\n\t\t\t\t<a href=\"https:\/\/champignonkwekerij.be\/fr\/verkooppunten\/\"  target=\"_self\" itemprop=\"url\">\n\t\t\t\t<img decoding=\"async\" data-src=\"https:\/\/champignonkwekerij.be\/wp-content\/uploads\/2020\/03\/chef.jpg\" alt=\"004-chef\" itemprop=\"image\" height=\"149\" width=\"150\" title=\"004-chef\" onerror=\"this.style.display='none'\" src=\"data:image\/svg+xml;base64,PHN2ZyB3aWR0aD0iMSIgaGVpZ2h0PSIxIiB4bWxucz0iaHR0cDovL3d3dy53My5vcmcvMjAwMC9zdmciPjwvc3ZnPg==\" class=\"lazyload\" style=\"--smush-placeholder-width: 150px; --smush-placeholder-aspect-ratio: 150\/149;\" \/>\n\t\t\t\t<\/a>\n\t<p>recettes<\/p>\n\t<p>Vous cherchez une d\u00e9licieuse recette \u00e0 base de champignons ? Un ap\u00e9ritif surprenant ? Toast ou ap\u00e9ritif ?\u00a0<\/p>\n<p><a href=\"https:\/\/champignonkwekerij.be\/fr\/recepten\/\"><b>en savoir plus<\/b><\/a><\/p>\n\t<h1>En tant qu'entreprise familiale ayant de nombreuses ann\u00e9es d'exp\u00e9rience, nous sommes sp\u00e9cialis\u00e9s dans la culture des pleurotes, shiitakes, erynghie et pleurotes jaunes biologiques.<\/h1>\n<h1>Nous avons \u00e9galement un commerce de toutes sortes de champignons cultiv\u00e9s localement et proposons un large \u00e9ventail de champignons sauvages, exotiques et s\u00e9ch\u00e9s.<\/h1>\n\t\t\t<a href=\"https:\/\/champignonkwekerij.be\/fr\/ons-aanbod\/\" target=\"_self\">\n\t\t\t\t\t\t\td\u00e9couvrez notre gamme de produits\n\t\t\t\t\t<\/a>","protected":false},"excerpt":{"rendered":"<p>Bedrijf Wij zijn gespecialiseerd in de biologische teelt van paddenstoelen. Met veel zorg en vakmanschap kweken we onder andere oesterzwammen (zowel witte als gele), shiitake en eryngii. Daarnaast hebben we een uitgebreide handelswerking, waarbij we samenwerken met lokale telers. Zo zorgen we voor een vers, duurzaam en gevarieerd aanbod. lees meer Producten Bij ons vind&hellip;<\/p>","protected":false},"author":1,"featured_media":0,"parent":0,"menu_order":0,"comment_status":"closed","ping_status":"closed","template":"","meta":{"_seopress_robots_primary_cat":"","_seopress_titles_title":"Champignonkwekerij D\u2019Haene \u2013 Biologische Paddenstoelen uit Bissegem","_seopress_titles_desc":"Ontdek onze biologische paddenstoelen uit Bissegem. Vers van de kweker, lokaal geproduceerd met vakmanschap. Voor foodies, chefs en fijnproevers.","_seopress_robots_index":"","footnotes":""},"class_list":["post-38","page","type-page","status-publish","hentry"],"_links":{"self":[{"href":"https:\/\/champignonkwekerij.be\/fr\/wp-json\/wp\/v2\/pages\/38","targetHints":{"allow":["GET"]}}],"collection":[{"href":"https:\/\/champignonkwekerij.be\/fr\/wp-json\/wp\/v2\/pages"}],"about":[{"href":"https:\/\/champignonkwekerij.be\/fr\/wp-json\/wp\/v2\/types\/page"}],"author":[{"embeddable":true,"href":"https:\/\/champignonkwekerij.be\/fr\/wp-json\/wp\/v2\/users\/1"}],"replies":[{"embeddable":true,"href":"https:\/\/champignonkwekerij.be\/fr\/wp-json\/wp\/v2\/comments?post=38"}],"version-history":[{"count":57,"href":"https:\/\/champignonkwekerij.be\/fr\/wp-json\/wp\/v2\/pages\/38\/revisions"}],"predecessor-version":[{"id":873,"href":"https:\/\/champignonkwekerij.be\/fr\/wp-json\/wp\/v2\/pages\/38\/revisions\/873"}],"wp:attachment":[{"href":"https:\/\/champignonkwekerij.be\/fr\/wp-json\/wp\/v2\/media?parent=38"}],"curies":[{"name":"wp","href":"https:\/\/api.w.org\/{rel}","templated":true}]}}