{"id":146,"date":"2020-03-23T14:00:32","date_gmt":"2020-03-23T14:00:32","guid":{"rendered":"https:\/\/mooof.be\/champignon\/?page_id=146"},"modified":"2025-04-22T11:28:03","modified_gmt":"2025-04-22T11:28:03","slug":"verkooppunten","status":"publish","type":"page","link":"https:\/\/champignonkwekerij.be\/fr\/verkooppunten\/","title":{"rendered":"Onze verkooppunten in West-Vlaanderen\u200b"},"content":{"rendered":"<h2>Onze winkel in Bissegem (Bieststraat 107) is vrij toegankelijk elke zaterdagvoormiddag (behalve juli en augustus) van 8 uur tot 12 uur.<\/h2>\n<p>&nbsp;<\/p>\n\t\t\t\t<img decoding=\"async\" data-src=\"https:\/\/champignonkwekerij.be\/wp-content\/uploads\/2020\/09\/Lokaal14sept_web-13.jpg\" alt=\"Lokaal14sept_web-13\" itemprop=\"image\" height=\"720\" width=\"1080\" title=\"Lokaal14sept_web-13\" onerror=\"this.style.display='none'\" src=\"data:image\/svg+xml;base64,PHN2ZyB3aWR0aD0iMSIgaGVpZ2h0PSIxIiB4bWxucz0iaHR0cDovL3d3dy53My5vcmcvMjAwMC9zdmciPjwvc3ZnPg==\" class=\"lazyload\" style=\"--smush-placeholder-width: 1080px; --smush-placeholder-aspect-ratio: 1080\/720;\" \/>\n\t\t\t\t<img decoding=\"async\" data-src=\"https:\/\/champignonkwekerij.be\/wp-content\/uploads\/2020\/09\/a4d6ca2e-065a-47ce-957f-2e0812732373-e1599668669933-1024x833.jpg\" alt=\"a4d6ca2e-065a-47ce-957f-2e0812732373\" itemprop=\"image\" height=\"833\" width=\"1024\" title=\"a4d6ca2e-065a-47ce-957f-2e0812732373\" onerror=\"this.style.display='none'\" src=\"data:image\/svg+xml;base64,PHN2ZyB3aWR0aD0iMSIgaGVpZ2h0PSIxIiB4bWxucz0iaHR0cDovL3d3dy53My5vcmcvMjAwMC9zdmciPjwvc3ZnPg==\" class=\"lazyload\" style=\"--smush-placeholder-width: 1024px; --smush-placeholder-aspect-ratio: 1024\/833;\" \/>\n\t<h3>Points de vente<\/h3>\nVous pouvez nous trouver sur les march\u00e9s de gros de Roulers, Heule et Gand.<br \/>\nNous fournissons directement \u00e0 la restauration, aux boucheries, aux supermarch\u00e9s, au commerce de d\u00e9tail et \u00e0 diverses industries alimentaires dans la r\u00e9gion de Flandre occidentale.<br \/>\nParticulieren kunnen onze champignons kopen in onze vestiging te Bissegem (Bieststraat 107) of op diverse markten, vb. Heule lokaal, de boerenmarkt te Kortrijk, &#8230;\n\t<iframe data-src=\"https:\/\/www.google.com\/maps\/d\/embed?mid=1er9ugon_s7mDRRlTW4uICzK4XgxXjsei&#038;ehbc=2E312F\" width=\"100%\" height=\"480\" src=\"data:image\/svg+xml;base64,PHN2ZyB3aWR0aD0iMSIgaGVpZ2h0PSIxIiB4bWxucz0iaHR0cDovL3d3dy53My5vcmcvMjAwMC9zdmciPjwvc3ZnPg==\" class=\"lazyload\" data-load-mode=\"1\"><\/iframe>","protected":false},"excerpt":{"rendered":"<p>Onze winkel in Bissegem (Bieststraat 107) is vrij toegankelijk elke zaterdagvoormiddag (behalve juli en augustus) van 8 uur tot 12 uur. &nbsp; Verkooppunten Je kan ons vinden op de groothandelsmarkten te Roeselare, Heule en \u00a0Gent. Wij leveren rechtstreeks aan horeca, slagers, supermarkten, detailhandel en diverse voedingsindustrie in de regio West-Vlaanderen. Particulieren kunnen onze champignons kopen&hellip;<\/p>","protected":false},"author":1,"featured_media":0,"parent":0,"menu_order":0,"comment_status":"closed","ping_status":"closed","template":"","meta":{"_seopress_robots_primary_cat":"","_seopress_titles_title":"Waar onze paddenstoelen verkrijgbaar zijn | Champignonkwekerij D\u2019Haene\u200b","_seopress_titles_desc":"Ontdek waar je onze biologische paddenstoelen kunt kopen: in Bissegem, op markten in Kortrijk en Heule, of via onze groothandels in West-Vlaanderen.\u200b","_seopress_robots_index":"","footnotes":""},"class_list":["post-146","page","type-page","status-publish","hentry"],"_links":{"self":[{"href":"https:\/\/champignonkwekerij.be\/fr\/wp-json\/wp\/v2\/pages\/146","targetHints":{"allow":["GET"]}}],"collection":[{"href":"https:\/\/champignonkwekerij.be\/fr\/wp-json\/wp\/v2\/pages"}],"about":[{"href":"https:\/\/champignonkwekerij.be\/fr\/wp-json\/wp\/v2\/types\/page"}],"author":[{"embeddable":true,"href":"https:\/\/champignonkwekerij.be\/fr\/wp-json\/wp\/v2\/users\/1"}],"replies":[{"embeddable":true,"href":"https:\/\/champignonkwekerij.be\/fr\/wp-json\/wp\/v2\/comments?post=146"}],"version-history":[{"count":12,"href":"https:\/\/champignonkwekerij.be\/fr\/wp-json\/wp\/v2\/pages\/146\/revisions"}],"predecessor-version":[{"id":869,"href":"https:\/\/champignonkwekerij.be\/fr\/wp-json\/wp\/v2\/pages\/146\/revisions\/869"}],"wp:attachment":[{"href":"https:\/\/champignonkwekerij.be\/fr\/wp-json\/wp\/v2\/media?parent=146"}],"curies":[{"name":"wp","href":"https:\/\/api.w.org\/{rel}","templated":true}]}}