{"id":129,"date":"2020-03-23T11:21:32","date_gmt":"2020-03-23T11:21:32","guid":{"rendered":"https:\/\/mooof.be\/champignon\/?page_id=129"},"modified":"2025-04-22T11:32:47","modified_gmt":"2025-04-22T11:32:47","slug":"ons-bedrijf","status":"publish","type":"page","link":"https:\/\/champignonkwekerij.be\/fr\/ons-bedrijf\/","title":{"rendered":"Onze familie, onze passie voor paddenstoelen"},"content":{"rendered":"<img decoding=\"async\" data-src=\"https:\/\/champignonkwekerij.be\/wp-content\/uploads\/2020\/04\/IMG_5729-scaled-e1586859706467-300x225.jpg\" alt=\"IMG_5729\" itemprop=\"image\" height=\"225\" width=\"300\" title=\"IMG_5729\" onerror=\"this.style.display='none'\" src=\"data:image\/svg+xml;base64,PHN2ZyB3aWR0aD0iMSIgaGVpZ2h0PSIxIiB4bWxucz0iaHR0cDovL3d3dy53My5vcmcvMjAwMC9zdmciPjwvc3ZnPg==\" class=\"lazyload\" style=\"--smush-placeholder-width: 300px; --smush-placeholder-aspect-ratio: 300\/225;\" \/>\n\t<h1 data-start=\"928\" data-end=\"977\">Biologische Teelt met Respect voor Natuur en Mens<\/h1>\nLa p\u00e9pini\u00e8re a une longue histoire familiale dans laquelle les parents de Kaat Vanlede ont cr\u00e9\u00e9 la p\u00e9pini\u00e8re en 1960 \u00e0 Wevelgem.<br \/>\nIn 1990 namen Kaat Vanlede en Alain D&#8217;Haene de kwekerij over en bouwden een nieuwe vestiging in de bieststraat 107 te Bissegem. In 2017 kwam Frederik D&#8217;Haene ook in het familiebedrijf. Samen met Kaat zorgt hij voor het dagelijks bestuur.\n<p>Simon D&#8217;haene en Laurent Douterluigne (de schoonbroer van Frederik) zijn verantwoordelijk voor de logistiek en <a href=\"https:\/\/champignonkwekerij.be\/fr\/verkooppunten\/\">groothandelsmarkt<\/a>, wat van de champignon kwekerij een echt familiebedrijf maakt.<\/p>\n\t\t\t\t<img decoding=\"async\" data-src=\"https:\/\/champignonkwekerij.be\/wp-content\/uploads\/2020\/10\/Frederik-200x300.jpg\" alt=\"Frederik\" itemprop=\"image\" height=\"300\" width=\"200\" title=\"Frederik\" onerror=\"this.style.display='none'\" src=\"data:image\/svg+xml;base64,PHN2ZyB3aWR0aD0iMSIgaGVpZ2h0PSIxIiB4bWxucz0iaHR0cDovL3d3dy53My5vcmcvMjAwMC9zdmciPjwvc3ZnPg==\" class=\"lazyload\" style=\"--smush-placeholder-width: 200px; --smush-placeholder-aspect-ratio: 200\/300;\" \/>\n\t<p><b>Frederik D&#8217;Haene<\/b><\/p>\n<p>GSM 0479 60 48 31<\/p>\n<p><a href=\"mailto:frederik.dhaene@champignonkwekerij.be\">frederik.dhaene@champignonkwekerij.be<\/a><\/p>\n\t\t\t\t<img decoding=\"async\" data-src=\"https:\/\/champignonkwekerij.be\/wp-content\/uploads\/2020\/09\/IMG_7200-169x300.png\" alt=\"IMG_7200\" itemprop=\"image\" height=\"300\" width=\"169\" title=\"IMG_7200\" onerror=\"this.style.display='none'\" src=\"data:image\/svg+xml;base64,PHN2ZyB3aWR0aD0iMSIgaGVpZ2h0PSIxIiB4bWxucz0iaHR0cDovL3d3dy53My5vcmcvMjAwMC9zdmciPjwvc3ZnPg==\" class=\"lazyload\" style=\"--smush-placeholder-width: 169px; --smush-placeholder-aspect-ratio: 169\/300;\" \/>\n\t<p><b>Kaat Vanlede<\/b><\/p>\n<p>GSM 0473 29 37 06<\/p>\n<p><a href=\"mailto:info@champignonkwekerij.be\">info@champignonkwekerij.be<\/a><\/p>\n\t<h2 data-start=\"2416\" data-end=\"2501\">Bezoek ons op de<a href=\"https:\/\/champignonkwekerij.be\/fr\/verkooppunten\/\"> markt<\/a> of kom langs in Bissegem voor verse, biologische paddenstoelen!\u200b<\/h2>","protected":false},"excerpt":{"rendered":"<p>Biologische Teelt met Respect voor Natuur en Mens De kwekerij kent reeds een lange familiegeschiedenis waarbij de ouders van Kaat Vanlede de kwekerij hebben opgericht in het jaar 1960 te Wevelgem. In 1990 namen Kaat Vanlede en Alain D&#8217;Haene de kwekerij over en bouwden een nieuwe vestiging in de bieststraat 107 te Bissegem. In 2017&hellip;<\/p>","protected":false},"author":1,"featured_media":0,"parent":0,"menu_order":0,"comment_status":"closed","ping_status":"closed","template":"","meta":{"_seopress_robots_primary_cat":"","_seopress_titles_title":"Over Ons | Biologische Champignonkwekerij D\u2019Haene-Vanlede","_seopress_titles_desc":"Leer ons familiebedrijf kennen: sinds 1960 telen we in Bissegem biologische paddenstoelen met passie, vakmanschap en zorg voor de natuur.","_seopress_robots_index":"","footnotes":""},"class_list":["post-129","page","type-page","status-publish","hentry"],"_links":{"self":[{"href":"https:\/\/champignonkwekerij.be\/fr\/wp-json\/wp\/v2\/pages\/129","targetHints":{"allow":["GET"]}}],"collection":[{"href":"https:\/\/champignonkwekerij.be\/fr\/wp-json\/wp\/v2\/pages"}],"about":[{"href":"https:\/\/champignonkwekerij.be\/fr\/wp-json\/wp\/v2\/types\/page"}],"author":[{"embeddable":true,"href":"https:\/\/champignonkwekerij.be\/fr\/wp-json\/wp\/v2\/users\/1"}],"replies":[{"embeddable":true,"href":"https:\/\/champignonkwekerij.be\/fr\/wp-json\/wp\/v2\/comments?post=129"}],"version-history":[{"count":15,"href":"https:\/\/champignonkwekerij.be\/fr\/wp-json\/wp\/v2\/pages\/129\/revisions"}],"predecessor-version":[{"id":871,"href":"https:\/\/champignonkwekerij.be\/fr\/wp-json\/wp\/v2\/pages\/129\/revisions\/871"}],"wp:attachment":[{"href":"https:\/\/champignonkwekerij.be\/fr\/wp-json\/wp\/v2\/media?parent=129"}],"curies":[{"name":"wp","href":"https:\/\/api.w.org\/{rel}","templated":true}]}}